{"id":913,"date":"2016-12-29T01:44:22","date_gmt":"2016-12-29T01:44:22","guid":{"rendered":"http:\/\/demo.yolotheme.com\/dummy\/bestruct\/?page_id=913"},"modified":"2025-01-19T03:15:16","modified_gmt":"2025-01-19T03:15:16","slug":"servicos","status":"publish","type":"page","link":"https:\/\/www.sglconstrucoes.pt\/inicio\/servicos\/","title":{"rendered":"Servi\u00e7os"},"content":{"rendered":"<p>[vc_row css=&#8221;.vc_custom_1482982399785{margin-top: 5% !important;}&#8221;][vc_column][vc_custom_heading text=&#8221;Os nosso servi\u00e7os&#8221; font_container=&#8221;tag:h2|text_align:center&#8221; use_theme_fonts=&#8221;yes&#8221; font_weight=&#8221;&#8221; css=&#8221;.vc_custom_1641860092513{margin-top: 0px !important;margin-bottom: 0px !important;}&#8221;][vc_single_image image=&#8221;3828&#8243; img_size=&#8221;full&#8221; alignment=&#8221;center&#8221;][\/vc_column][\/vc_row][vc_row css=&#8221;.vc_custom_1482982461422{margin-top: 2% !important;margin-bottom: 5% !important;}&#8221;][vc_column css=&#8221;.vc_custom_1483600017650{padding-right: 0px !important;padding-left: 0px !important;}&#8221;][vc_row_inner][vc_column_inner width=&#8221;1\/3&#8243;]                        <div class=\" \" >\n                \n<div class=\"style_8 icon-box-shortcode-wrap\">\n    <div class=\"icon-bg\" style=\"background-image: url('https:\/\/www.sglconstrucoes.pt\/inicio\/wp-content\/uploads\/2022\/01\/Imagem-equipa.jpg');\"><\/div>\n    <div class=\"icon-box-container\">\n                        <div class=\"icon-wrap\">\n                <img decoding=\"async\" src=\"https:\/\/www.sglconstrucoes.pt\/inicio\/wp-content\/uploads\/2022\/01\/icon23.png\"  class=\"img-responsive\" alt=\"Instala\u00e7\u00f5es de g\u00e1s dom\u00e9stico\" \/>\n            <\/div>  \n                    <div class=\"icon-content\">\n            <h2 class=\"icon-title\">\n                                Instala\u00e7\u00f5es de g\u00e1s dom\u00e9stico                            <\/h2>\n            <p class=\"icon-description\">Instalamos o g\u00e1s na sua casa.<\/p>\n        <\/div>\n    <\/div>\n<\/div>            <\/div>\n                    [\/vc_column_inner][vc_column_inner width=&#8221;1\/3&#8243;]                        <div class=\" \" >\n                \n<div class=\"style_8 icon-box-shortcode-wrap\">\n    <div class=\"icon-bg\" style=\"background-image: url('https:\/\/www.sglconstrucoes.pt\/inicio\/wp-content\/uploads\/2022\/01\/Imagem-equipa.jpg');\"><\/div>\n    <div class=\"icon-box-container\">\n                        <div class=\"icon-wrap\">\n                <img decoding=\"async\" src=\"https:\/\/www.sglconstrucoes.pt\/inicio\/wp-content\/uploads\/2022\/03\/industria.png\"  class=\"img-responsive\" alt=\"Instala\u00e7\u00f5es de g\u00e1s industrial\" \/>\n            <\/div>  \n                    <div class=\"icon-content\">\n            <h2 class=\"icon-title\">\n                                Instala\u00e7\u00f5es de g\u00e1s industrial                            <\/h2>\n            <p class=\"icon-description\">Contamos com t\u00e9cnicos experientes na instala\u00e7\u00e3o de g\u00e1s industrial.<\/p>\n        <\/div>\n    <\/div>\n<\/div>            <\/div>\n                    [\/vc_column_inner][vc_column_inner width=&#8221;1\/3&#8243;]                        <div class=\" \" >\n                \n<div class=\"style_8 icon-box-shortcode-wrap\">\n    <div class=\"icon-bg\" style=\"background-image: url('https:\/\/www.sglconstrucoes.pt\/inicio\/wp-content\/uploads\/2022\/01\/Imagem-equipa.jpg');\"><\/div>\n    <div class=\"icon-box-container\">\n                        <div class=\"icon-wrap\">\n                <img decoding=\"async\" src=\"https:\/\/www.sglconstrucoes.pt\/inicio\/wp-content\/uploads\/2022\/03\/rede.png\"  class=\"img-responsive\" alt=\"Redes de g\u00e1s\" \/>\n            <\/div>  \n                    <div class=\"icon-content\">\n            <h2 class=\"icon-title\">\n                                Redes de g\u00e1s                            <\/h2>\n            <p class=\"icon-description\">Lares, Centros de Dia, Centros Escolares, Restaurantes, Padarias, Hot\u00e9is e Residenciais.<\/p>\n        <\/div>\n    <\/div>\n<\/div>            <\/div>\n                    [\/vc_column_inner][\/vc_row_inner][vc_row_inner][vc_column_inner width=&#8221;1\/3&#8243;]                        <div class=\" \" >\n                \n<div class=\"style_8 icon-box-shortcode-wrap\">\n    <div class=\"icon-bg\" style=\"background-image: url('https:\/\/www.sglconstrucoes.pt\/inicio\/wp-content\/uploads\/2022\/01\/Imagem-equipa.jpg');\"><\/div>\n    <div class=\"icon-box-container\">\n                        <div class=\"icon-wrap\">\n                <img decoding=\"async\" src=\"https:\/\/www.sglconstrucoes.pt\/inicio\/wp-content\/uploads\/2025\/01\/reservatori3.png\"  class=\"img-responsive\" alt=\"Reservat\u00f3rios de g\u00e1s\" \/>\n            <\/div>  \n                    <div class=\"icon-content\">\n            <h2 class=\"icon-title\">\n                                Reservat\u00f3rios de g\u00e1s                            <\/h2>\n            <p class=\"icon-description\">Instalamos e requalificamos Reservat\u00f3rios de g\u00e1s em todo o territ\u00f3rio nacional.<\/p>\n        <\/div>\n    <\/div>\n<\/div>            <\/div>\n                    [\/vc_column_inner][vc_column_inner width=&#8221;1\/3&#8243;]                        <div class=\" \" >\n                \n<div class=\"style_8 icon-box-shortcode-wrap\">\n    <div class=\"icon-bg\" style=\"background-image: url('https:\/\/www.sglconstrucoes.pt\/inicio\/wp-content\/uploads\/2022\/01\/Imagem-equipa.jpg');\"><\/div>\n    <div class=\"icon-box-container\">\n                        <div class=\"icon-wrap\">\n                <img decoding=\"async\" src=\"https:\/\/www.sglconstrucoes.pt\/inicio\/wp-content\/uploads\/2022\/01\/icon24.png\"  class=\"img-responsive\" alt=\"Manuten\u00e7\u00e3o\" \/>\n            <\/div>  \n                    <div class=\"icon-content\">\n            <h2 class=\"icon-title\">\n                                Manuten\u00e7\u00e3o                            <\/h2>\n            <p class=\"icon-description\">Manuten\u00e7\u00e3o de instala\u00e7\u00f5es, redes e parques de reservat\u00f3rios de G\u00e1s<\/p>\n        <\/div>\n    <\/div>\n<\/div>            <\/div>\n                    [\/vc_column_inner][vc_column_inner width=&#8221;1\/3&#8243;]                        <div class=\" \" >\n                \n<div class=\"style_8 icon-box-shortcode-wrap\">\n    <div class=\"icon-bg\" style=\"background-image: url('https:\/\/www.sglconstrucoes.pt\/inicio\/wp-content\/uploads\/2022\/01\/Imagem-equipa.jpg');\"><\/div>\n    <div class=\"icon-box-container\">\n                        <div class=\"icon-wrap\">\n                <img decoding=\"async\" src=\"https:\/\/www.sglconstrucoes.pt\/inicio\/wp-content\/uploads\/2022\/03\/repara.png\"  class=\"img-responsive\" alt=\"Repara\u00e7\u00f5es\" \/>\n            <\/div>  \n                    <div class=\"icon-content\">\n            <h2 class=\"icon-title\">\n                                Repara\u00e7\u00f5es                            <\/h2>\n            <p class=\"icon-description\">Realizamos todo o tipo de repara\u00e7\u00f5es nas instala\u00e7\u00f5es interiores e exteriores.<\/p>\n        <\/div>\n    <\/div>\n<\/div>            <\/div>\n                    [\/vc_column_inner][\/vc_row_inner][\/vc_column][\/vc_row][vc_row css=&#8221;.vc_custom_1642074765368{background-color: #111111 !important;}&#8221;][vc_column width=&#8221;1\/3&#8243; css=&#8221;.vc_custom_1642074782710{padding-top: 50px !important;padding-right: 40px !important;padding-bottom: 70px !important;padding-left: 40px !important;}&#8221;][vc_column_text css=&#8221;.vc_custom_1642072849119{padding-bottom: 50px !important;}&#8221;]<\/p>\n<h4 class=\"vc_custom_heading vc_custom_1482401887958\"><span style=\"color: #ffffff;\"><strong>SOBRE N\u00d3S<\/strong><\/span><\/h4>\n<p>[\/vc_column_text][vc_column_text]<\/p>\n<p style=\"text-align: justify;\"><span style=\"color: #ffffff;\">Fornecemos e executamos todo o tipo de instala\u00e7\u00f5es e redes de g\u00e1s.<br \/>\nInstalamos Reservat\u00f3rios de G\u00e1s em todo territ\u00f3rio nacional.<\/span><\/p>\n<p>[\/vc_column_text][\/vc_column][vc_column width=&#8221;1\/3&#8243; css=&#8221;.vc_custom_1642074819301{padding-top: 50px !important;padding-right: 40px !important;padding-bottom: 70px !important;padding-left: 40px !important;}&#8221;][vc_column_text css=&#8221;.vc_custom_1642073711617{padding-bottom: 50px !important;}&#8221;]<\/p>\n<h4 class=\"vc_custom_heading vc_custom_1482401887958\"><span style=\"color: #ffffff;\"><strong>PORTF\u00d3LIO<\/strong><\/span><\/h4>\n<p>[\/vc_column_text]<div class=\"portfolio-container\">\n  <div class=\"portfolio overflow-hidden   paging\"  id=\"portfolio-6a04844685bdf\">\n      <!-- Portfolio Filter -->\n            <!-- End Portfolio Filter -->\n\n      <!-- Portfolio Wrapper -->\n      <div class=\"portfolio-wrapper bestruct-col-md-2  landscape hover-dir-on\"\n          data-section-id=\"6a04844685bdf\"\n          id=\"portfolio-container-6a04844685bdf\"\n          data-columns=\"2\">\n          \n          \n<div class=\"lightGallery-js portfolio-item hover-dir  hover-align-center\">\n    <!-- Title top -->\n    \n    <div class=\"entry-thumbnail icon-only effect_1\">\n    <img loading=\"lazy\" decoding=\"async\" width=\"480\" height=\"300\" src=\"https:\/\/www.sglconstrucoes.pt\/inicio\/wp-content\/uploads\/2016\/12\/1-480x300.jpg\" alt=\"Reservat\u00f3rio a\u00e9reos\"\/>\n    <div class=\"entry-thumbnail-hover p-bg-rgba-color\">\n        <div class=\"entry-hover-wrapper\">\n            <div class=\"entry-hover-inner\">\n                                    <a class=\"item\" data-src=\"https:\/\/www.sglconstrucoes.pt\/inicio\/wp-content\/uploads\/2016\/12\/1.jpg\" title=\"702\">                        <i class=\"fa fa-search\"><\/i>                    <\/a>\n                            <\/div>\n        <\/div>\n    <\/div>\n\n<\/div>\n\n    <!-- Title bottom -->\n        \n    <!-- @TODO: process media type -->\n    <div style=\"display: none\">\n    <\/div>\n<\/div>\n          \n          \n<div class=\"lightGallery-js portfolio-item hover-dir  hover-align-center\">\n    <!-- Title top -->\n    \n    <div class=\"entry-thumbnail icon-only effect_1\">\n    <img loading=\"lazy\" decoding=\"async\" width=\"480\" height=\"300\" src=\"https:\/\/www.sglconstrucoes.pt\/inicio\/wp-content\/uploads\/2016\/12\/3-480x300.jpg\" alt=\"Reservat\u00f3rio a\u00e9reos 3\"\/>\n    <div class=\"entry-thumbnail-hover p-bg-rgba-color\">\n        <div class=\"entry-hover-wrapper\">\n            <div class=\"entry-hover-inner\">\n                                    <a class=\"item\" data-src=\"https:\/\/www.sglconstrucoes.pt\/inicio\/wp-content\/uploads\/2016\/12\/3.jpg\" title=\"698\">                        <i class=\"fa fa-search\"><\/i>                    <\/a>\n                            <\/div>\n        <\/div>\n    <\/div>\n\n<\/div>\n\n    <!-- Title bottom -->\n        \n    <!-- @TODO: process media type -->\n    <div style=\"display: none\">\n    <\/div>\n<\/div>\n                <\/div>\n      <!-- End Portfolio Wrap -->\n\n      <!-- Portfolio Paging -->\n        <\/div>\n<\/div>\n\n<script type=\"text\/javascript\">\n  (function ($) {\n    \"use strict\";\n    $(document).ready(function () {\n      var $tab_container = jQuery('#portfolio-6a04844685bdf');\n      $('.portfolio-tabs .isotope-portfolio', $tab_container).off();\n      $('.portfolio-tabs .isotope-portfolio', $tab_container).click(function () {\n        $('.portfolio-tabs .isotope-portfolio', $tab_container).removeClass('active');\n        $('.portfolio-tabs li', $tab_container).removeClass('active');\n        $(this).addClass('active');\n        $(this).parent().addClass('active');\n        var dataSectionId = $(this).attr('data-section-id');\n        var filter        = $(this).attr('data-filter');\n        var $container    = jQuery('div[data-section-id=\"' + dataSectionId + '\"]').isotope({ filter: filter});\n        $container.imagesLoaded(function () {\n          $container.isotope('layout');\n        });\n      });\n      var $container = jQuery('div[data-section-id=\"6a04844685bdf\"]');\n      $container.imagesLoaded(function () {\n        $container.isotope({\n          itemSelector: '.portfolio-item',\n          layoutMode: 'fitRows' \/\/ grid layout\n        }).isotope('layout');\n      });\n    });\n\n    $(document).ready(function () {\n            $('.portfolio-item.hover-dir > div.entry-thumbnail').hoverdir();\n            \n      PortfolioAjaxAction.init('https:\/\/www.sglconstrucoes.pt\/inicio\/wp-admin\/admin-ajax.php', '6a04844685bdf');\n    })\n\n  })(jQuery);\n<\/script>[\/vc_column][vc_column width=&#8221;1\/3&#8243; css=&#8221;.vc_custom_1642074831631{padding-top: 50px !important;padding-right: 40px !important;padding-bottom: 70px !important;padding-left: 40px !important;}&#8221;][vc_column_text css=&#8221;.vc_custom_1642073854660{padding-bottom: 50px !important;}&#8221;]<\/p>\n<h4 class=\"vc_custom_heading vc_custom_1482401887958\"><span style=\"color: #ffffff;\"><strong>HOR\u00c1RIO<\/strong><\/span><\/h4>\n<p>[\/vc_column_text][vc_column_text css=&#8221;.vc_custom_1646667810631{padding-bottom: 50px !important;}&#8221;]<span style=\"color: #ffffff;\">Segunda \u2013 Sexta: &#8230;&#8230;&#8230;&#8230;&#8230;&#8230;&#8230;&#8230;&#8230;&#8230;&#8230;&#8230;&#8230; 09:00 \u2013 18:30<\/span><\/p>\n<p><span style=\"color: #ffffff;\">S\u00e1bado e Domingo: &#8230;&#8230;&#8230;&#8230;&#8230;&#8230;&#8230;&#8230;&#8230;&#8230;&#8230;&#8230;&#8230;&#8230;&#8230; Fechado<\/span>[\/vc_column_text][\/vc_column][\/vc_row]<\/p>\n","protected":false},"excerpt":{"rendered":"<p>[vc_row css=&#8221;.vc_custom_1482982399785{margin-top: 5% !important;}&#8221;][vc_column][vc_custom_heading text=&#8221;Os nosso servi\u00e7os&#8221; font_container=&#8221;tag:h2|text_align:center&#8221; use_theme_fonts=&#8221;yes&#8221; font_weight=&#8221;&#8221; css=&#8221;.vc_custom_1641860092513{margin-top: 0px !important;margin-bottom: 0px !important;}&#8221;][vc_single_image image=&#8221;3828&#8243; img_size=&#8221;full&#8221; alignment=&#8221;center&#8221;][\/vc_column][\/vc_row][vc_row css=&#8221;.vc_custom_1482982461422{margin-top: 2% !important;margin-bottom: 5% !important;}&#8221;][vc_column css=&#8221;.vc_custom_1483600017650{padding-right: 0px !important;padding-left: 0px !important;}&#8221;][vc_row_inner][vc_column_inner width=&#8221;1\/3&#8243;][\/vc_column_inner][vc_column_inner width=&#8221;1\/3&#8243;][\/vc_column_inner][vc_column_inner width=&#8221;1\/3&#8243;][\/vc_column_inner][\/vc_row_inner][vc_row_inner][vc_column_inner width=&#8221;1\/3&#8243;][\/vc_column_inner][vc_column_inner width=&#8221;1\/3&#8243;][\/vc_column_inner][vc_column_inner width=&#8221;1\/3&#8243;][\/vc_column_inner][\/vc_row_inner][\/vc_column][\/vc_row][vc_row css=&#8221;.vc_custom_1642074765368{background-color: #111111 !important;}&#8221;][vc_column width=&#8221;1\/3&#8243; css=&#8221;.vc_custom_1642074782710{padding-top: 50px !important;padding-right: 40px !important;padding-bottom: 70px !important;padding-left: 40px !important;}&#8221;][vc_column_text css=&#8221;.vc_custom_1642072849119{padding-bottom: 50px !important;}&#8221;] SOBRE N\u00d3S [\/vc_column_text][vc_column_text] Fornecemos e&#8230;<\/p>\n","protected":false},"author":1,"featured_media":0,"parent":0,"menu_order":0,"comment_status":"closed","ping_status":"closed","template":"","meta":{"footnotes":""},"class_list":["post-913","page","type-page","status-publish","hentry"],"_links":{"self":[{"href":"https:\/\/www.sglconstrucoes.pt\/inicio\/wp-json\/wp\/v2\/pages\/913","targetHints":{"allow":["GET"]}}],"collection":[{"href":"https:\/\/www.sglconstrucoes.pt\/inicio\/wp-json\/wp\/v2\/pages"}],"about":[{"href":"https:\/\/www.sglconstrucoes.pt\/inicio\/wp-json\/wp\/v2\/types\/page"}],"author":[{"embeddable":true,"href":"https:\/\/www.sglconstrucoes.pt\/inicio\/wp-json\/wp\/v2\/users\/1"}],"replies":[{"embeddable":true,"href":"https:\/\/www.sglconstrucoes.pt\/inicio\/wp-json\/wp\/v2\/comments?post=913"}],"version-history":[{"count":43,"href":"https:\/\/www.sglconstrucoes.pt\/inicio\/wp-json\/wp\/v2\/pages\/913\/revisions"}],"predecessor-version":[{"id":4133,"href":"https:\/\/www.sglconstrucoes.pt\/inicio\/wp-json\/wp\/v2\/pages\/913\/revisions\/4133"}],"wp:attachment":[{"href":"https:\/\/www.sglconstrucoes.pt\/inicio\/wp-json\/wp\/v2\/media?parent=913"}],"curies":[{"name":"wp","href":"https:\/\/api.w.org\/{rel}","templated":true}]}}