{"id":868,"date":"2016-12-28T06:59:20","date_gmt":"2016-12-28T06:59:20","guid":{"rendered":"http:\/\/demo.yolotheme.com\/dummy\/bestruct\/?page_id=868"},"modified":"2025-01-19T03:14:15","modified_gmt":"2025-01-19T03:14:15","slug":"contactos","status":"publish","type":"page","link":"https:\/\/www.sglconstrucoes.pt\/inicio\/contactos\/","title":{"rendered":"Contactos"},"content":{"rendered":"<p>[vc_row layout=&#8221;wide&#8221;][vc_column css=&#8221;.vc_custom_1482909330669{padding-right: 0px !important;padding-left: 0px !important;}&#8221;][vc_raw_html]JTNDaWZyYW1lJTIwc3JjJTNEJTIyaHR0cHMlM0ElMkYlMkZ3d3cuZ29vZ2xlLmNvbSUyRm1hcHMlMkZlbWJlZCUzRnBiJTNEJTIxMW0xOCUyMTFtMTIlMjExbTMlMjExZDMwMTIuMjAyMDc4OTkyNyUyMTJkLTcuNjE1NDI2Mzg0MjUxNTA5JTIxM2Q0MC45NzcwNTU2NzkzMDM4OCUyMTJtMyUyMTFmMCUyMTJmMCUyMTNmMCUyMTNtMiUyMTFpMTAyNCUyMTJpNzY4JTIxNGYxMy4xJTIxM20zJTIxMW0yJTIxMXMweGQzY2E5Y2I5MWRlNzliMSUyNTNBMHg3MTM5Y2U2MTUyMGM4YzVmJTIxMnNTLkcuTC5Tb2NpZWRhZGUlMjUyMGRlJTI1MjBHJTI1QzMlMjVBMXMlMjUyMExkJTI1QzIlMjVBQSUyMTVlMCUyMTNtMiUyMTFzcHQtUFQlMjEyc3B0JTIxNHYxNjQyMDMxMDM2NzQ5JTIxNW0yJTIxMXNwdC1QVCUyMTJzcHQlMjIlMjB3aWR0aCUzRCUyMjEwMCUyNSUyMiUyMGhlaWdodCUzRCUyMjYwMCUyMiUyMHN0eWxlJTNEJTIyYm9yZGVyJTNBMCUzQiUyMiUyMGFsbG93ZnVsbHNjcmVlbiUzRCUyMiUyMiUyMGxvYWRpbmclM0QlMjJsYXp5JTIyJTNFJTNDJTJGaWZyYW1lJTNF[\/vc_raw_html][\/vc_column][\/vc_row][vc_row css=&#8221;.vc_custom_1482910277539{margin-top: 5% !important;margin-bottom: 3% !important;}&#8221;][vc_column][vc_custom_heading text=&#8221;CONTACTOS&#8221; font_container=&#8221;tag:h2|font_size:32|text_align:center&#8221; use_theme_fonts=&#8221;yes&#8221; font_weight=&#8221;&#8221; css=&#8221;.vc_custom_1641860598312{margin-top: 0px !important;}&#8221;][\/vc_column][\/vc_row][vc_row css=&#8221;.vc_custom_1482910660145{margin-bottom: 3% !important;}&#8221;][vc_column offset=&#8221;vc_hidden-xs&#8221;][vc_custom_heading text=&#8221;HOR\u00c1RIO DE FUNCIONAMENTO&#8221; font_container=&#8221;tag:h3|font_size:18|text_align:center&#8221; use_theme_fonts=&#8221;yes&#8221; font_weight=&#8221;&#8221; css=&#8221;.vc_custom_1641860694438{margin-top: 0px !important;}&#8221;][vc_column_text css=&#8221;.vc_custom_1646667507704{margin-top: 30px !important;}&#8221;]<\/p>\n<p style=\"text-align: center; font-weight: 600; margin-bottom: 10px;\">Segunda &#8211; Sexta:&#8230;&#8230;&#8230;&#8230;&#8230;&#8230;&#8230;&#8230;&#8230;..09:00 &#8211; 18:30<\/p>\n<p style=\"text-align: center; font-weight: 600; margin-bottom: 10px;\">S\u00e1bado e Domingo:&#8230;&#8230;&#8230;&#8230;&#8230;&#8230;&#8230;&#8230;&#8230;&#8230;&#8230;&#8230;&#8230;.Fechado<\/p>\n<p>[\/vc_column_text][\/vc_column][\/vc_row][vc_row][vc_column width=&#8221;1\/3&#8243;]                        <div class=\" \" >\n                \n<div class=\"style_1 icon-box-shortcode-wrap\">\n    <div class=\"icon-box-container\">\n                        <div class=\"icon-wrap\">\n                <img decoding=\"async\" src=\"https:\/\/www.sglconstrucoes.pt\/inicio\/wp-content\/uploads\/2022\/01\/icon-telefone.png\"  class=\"img-responsive\" alt=\"Contactos\" \/>\n            <\/div>  \n                    <div class=\"icon-content\">\n            <h4 class=\"icon-title\">\n                                Contactos                            <\/h4>\n            <p class=\"icon-description\">(+351) 254 582 203 (Chamada para a rede fixa nacional)<\/p>\n        <\/div>\n    <\/div>\n<\/div>            <\/div>\n                    [\/vc_column][vc_column width=&#8221;1\/3&#8243;]                        <div class=\" \" >\n                \n<div class=\"style_1 icon-box-shortcode-wrap\">\n    <div class=\"icon-box-container\">\n                        <div class=\"icon-wrap\">\n                <img decoding=\"async\" src=\"https:\/\/www.sglconstrucoes.pt\/inicio\/wp-content\/uploads\/2022\/01\/icon_local.png\"  class=\"img-responsive\" alt=\"Morada\" \/>\n            <\/div>  \n                    <div class=\"icon-content\">\n            <h4 class=\"icon-title\">\n                                Morada                            <\/h4>\n            <p class=\"icon-description\">Zona Industrial, Lote 33<br \/>\n3620-300 Moimenta da Beira<\/p>\n        <\/div>\n    <\/div>\n<\/div>            <\/div>\n                    [\/vc_column][vc_column width=&#8221;1\/3&#8243;]                        <div class=\" \" >\n                \n<div class=\"style_1 icon-box-shortcode-wrap\">\n    <div class=\"icon-box-container\">\n            <a href=\"mailto:geral@sglconstrucoes.pt\" title=\"\" target=\"_blank\">\n                        <div class=\"icon-wrap\">\n                <img decoding=\"async\" src=\"https:\/\/www.sglconstrucoes.pt\/inicio\/wp-content\/uploads\/2022\/01\/icon_email.png\"  class=\"img-responsive\" alt=\"Email\" \/>\n            <\/div>  \n                    <\/a>\n            <div class=\"icon-content\">\n            <h4 class=\"icon-title\">\n                                    <a href=\"mailto:geral@sglconstrucoes.pt\" title=\"\" target=\"_blank\">\n                                Email                                    <\/a>\n                            <\/h4>\n            <p class=\"icon-description\">geral@sgl-lda.pt<\/p>\n        <\/div>\n    <\/div>\n<\/div>            <\/div>\n                    [\/vc_column][\/vc_row][vc_row css=&#8221;.vc_custom_1482913116217{margin-top: 5% !important;margin-bottom: 5% !important;}&#8221;][vc_column offset=&#8221;vc_col-lg-offset-3 vc_col-lg-6&#8243; css=&#8221;.vc_custom_1482918430364{padding-top: 0px !important;}&#8221;][vc_custom_heading text=&#8221;ENTRE EM CONTACTO CONNOSCO&#8221; font_container=&#8221;tag:h2|font_size:22|text_align:center&#8221; use_theme_fonts=&#8221;yes&#8221; font_weight=&#8221;&#8221; css=&#8221;.vc_custom_1641860837038{margin-top: 0px !important;margin-bottom: 3% !important;}&#8221;]<div role=\"form\" class=\"wpcf7\" id=\"wpcf7-f892-o1\" lang=\"en-US\" dir=\"ltr\">\n<div class=\"screen-reader-response\"><p role=\"status\" aria-live=\"polite\" aria-atomic=\"true\"><\/p> <ul><\/ul><\/div>\n<form action=\"\/inicio\/wp-json\/wp\/v2\/pages\/868#wpcf7-f892-o1\" method=\"post\" class=\"wpcf7-form init\" novalidate=\"novalidate\" data-status=\"init\">\n<div style=\"display: none;\">\n<input type=\"hidden\" name=\"_wpcf7\" value=\"892\" \/>\n<input type=\"hidden\" name=\"_wpcf7_version\" value=\"5.5.6\" \/>\n<input type=\"hidden\" name=\"_wpcf7_locale\" value=\"en_US\" \/>\n<input type=\"hidden\" name=\"_wpcf7_unit_tag\" value=\"wpcf7-f892-o1\" \/>\n<input type=\"hidden\" name=\"_wpcf7_container_post\" value=\"0\" \/>\n<input type=\"hidden\" name=\"_wpcf7_posted_data_hash\" value=\"\" \/>\n<input type=\"hidden\" name=\"_wpcf7_recaptcha_response\" value=\"\" \/>\n<\/div>\n<div class=\"cf_contact_page\">\n<p><strong>Nome<\/strong><br \/>\n    <span class=\"wpcf7-form-control-wrap your-first\"><input type=\"text\" name=\"your-first\" value=\"\" size=\"40\" class=\"wpcf7-form-control wpcf7-text wpcf7-validates-as-required\" aria-required=\"true\" aria-invalid=\"false\" \/><\/span> <\/p>\n<p><strong>Apelido<\/strong><br \/>\n    <span class=\"wpcf7-form-control-wrap your-last\"><input type=\"text\" name=\"your-last\" value=\"\" size=\"40\" class=\"wpcf7-form-control wpcf7-text wpcf7-validates-as-required\" aria-required=\"true\" aria-invalid=\"false\" \/><\/span> <\/p>\n<p><br\/><br \/>\n<br\/><\/p>\n<p><strong>Email<\/strong><br \/>\n    <span class=\"wpcf7-form-control-wrap your-email\"><input type=\"email\" name=\"your-email\" value=\"\" size=\"40\" class=\"wpcf7-form-control wpcf7-text wpcf7-email wpcf7-validates-as-required wpcf7-validates-as-email\" aria-required=\"true\" aria-invalid=\"false\" \/><\/span> <\/p>\n<p><strong>Mensagem<\/strong><br \/>\n    <span class=\"wpcf7-form-control-wrap your-message\"><textarea name=\"your-message\" cols=\"40\" rows=\"10\" class=\"wpcf7-form-control wpcf7-textarea wpcf7-validates-as-required\" aria-required=\"true\" aria-invalid=\"false\"><\/textarea><\/span> <\/p>\n<p><input type=\"submit\" value=\"Enviar\" class=\"wpcf7-form-control has-spinner wpcf7-submit\" \/><\/p>\n<\/div>\n<div class=\"wpcf7-response-output\" aria-hidden=\"true\"><\/div><\/form><\/div>[\/vc_column][\/vc_row][vc_row css=&#8221;.vc_custom_1642074765368{background-color: #111111 !important;}&#8221;][vc_column width=&#8221;1\/3&#8243; css=&#8221;.vc_custom_1642074782710{padding-top: 50px !important;padding-right: 40px !important;padding-bottom: 70px !important;padding-left: 40px !important;}&#8221;][vc_column_text css=&#8221;.vc_custom_1642072849119{padding-bottom: 50px !important;}&#8221;]<\/p>\n<h4 class=\"vc_custom_heading vc_custom_1482401887958\"><span style=\"color: #ffffff;\"><strong>SOBRE N\u00d3S<\/strong><\/span><\/h4>\n<p>[\/vc_column_text][vc_column_text]<\/p>\n<p style=\"text-align: justify;\"><span style=\"color: #ffffff;\">Fornecemos e executamos todo o tipo de instala\u00e7\u00f5es e redes de g\u00e1s.<br \/>\nInstalamos Reservat\u00f3rios de G\u00e1s em todo territ\u00f3rio nacional.<\/span><\/p>\n<p>[\/vc_column_text][\/vc_column][vc_column width=&#8221;1\/3&#8243; css=&#8221;.vc_custom_1642074819301{padding-top: 50px !important;padding-right: 40px !important;padding-bottom: 70px !important;padding-left: 40px !important;}&#8221;][vc_column_text css=&#8221;.vc_custom_1642073711617{padding-bottom: 50px !important;}&#8221;]<\/p>\n<h4 class=\"vc_custom_heading vc_custom_1482401887958\"><span style=\"color: #ffffff;\"><strong>PORTF\u00d3LIO<\/strong><\/span><\/h4>\n<p>[\/vc_column_text]<div class=\"portfolio-container\">\n  <div class=\"portfolio overflow-hidden   paging\"  id=\"portfolio-69e346f984e76\">\n      <!-- Portfolio Filter -->\n            <!-- End Portfolio Filter -->\n\n      <!-- Portfolio Wrapper -->\n      <div class=\"portfolio-wrapper bestruct-col-md-2  landscape hover-dir-on\"\n          data-section-id=\"69e346f984e76\"\n          id=\"portfolio-container-69e346f984e76\"\n          data-columns=\"2\">\n          \n          \n<div class=\"lightGallery-js portfolio-item hover-dir  hover-align-center\">\n    <!-- Title top -->\n    \n    <div class=\"entry-thumbnail icon-only effect_1\">\n    <img loading=\"lazy\" decoding=\"async\" width=\"480\" height=\"300\" src=\"https:\/\/www.sglconstrucoes.pt\/inicio\/wp-content\/uploads\/2016\/12\/1-480x300.jpg\" alt=\"Reservat\u00f3rio a\u00e9reos\"\/>\n    <div class=\"entry-thumbnail-hover p-bg-rgba-color\">\n        <div class=\"entry-hover-wrapper\">\n            <div class=\"entry-hover-inner\">\n                                    <a class=\"item\" data-src=\"https:\/\/www.sglconstrucoes.pt\/inicio\/wp-content\/uploads\/2016\/12\/1.jpg\" title=\"702\">                        <i class=\"fa fa-search\"><\/i>                    <\/a>\n                            <\/div>\n        <\/div>\n    <\/div>\n\n<\/div>\n\n    <!-- Title bottom -->\n        \n    <!-- @TODO: process media type -->\n    <div style=\"display: none\">\n    <\/div>\n<\/div>\n          \n          \n<div class=\"lightGallery-js portfolio-item hover-dir  hover-align-center\">\n    <!-- Title top -->\n    \n    <div class=\"entry-thumbnail icon-only effect_1\">\n    <img loading=\"lazy\" decoding=\"async\" width=\"480\" height=\"300\" src=\"https:\/\/www.sglconstrucoes.pt\/inicio\/wp-content\/uploads\/2016\/12\/3-480x300.jpg\" alt=\"Reservat\u00f3rio a\u00e9reos 3\"\/>\n    <div class=\"entry-thumbnail-hover p-bg-rgba-color\">\n        <div class=\"entry-hover-wrapper\">\n            <div class=\"entry-hover-inner\">\n                                    <a class=\"item\" data-src=\"https:\/\/www.sglconstrucoes.pt\/inicio\/wp-content\/uploads\/2016\/12\/3.jpg\" title=\"698\">                        <i class=\"fa fa-search\"><\/i>                    <\/a>\n                            <\/div>\n        <\/div>\n    <\/div>\n\n<\/div>\n\n    <!-- Title bottom -->\n        \n    <!-- @TODO: process media type -->\n    <div style=\"display: none\">\n    <\/div>\n<\/div>\n                <\/div>\n      <!-- End Portfolio Wrap -->\n\n      <!-- Portfolio Paging -->\n        <\/div>\n<\/div>\n\n<script type=\"text\/javascript\">\n  (function ($) {\n    \"use strict\";\n    $(document).ready(function () {\n      var $tab_container = jQuery('#portfolio-69e346f984e76');\n      $('.portfolio-tabs .isotope-portfolio', $tab_container).off();\n      $('.portfolio-tabs .isotope-portfolio', $tab_container).click(function () {\n        $('.portfolio-tabs .isotope-portfolio', $tab_container).removeClass('active');\n        $('.portfolio-tabs li', $tab_container).removeClass('active');\n        $(this).addClass('active');\n        $(this).parent().addClass('active');\n        var dataSectionId = $(this).attr('data-section-id');\n        var filter        = $(this).attr('data-filter');\n        var $container    = jQuery('div[data-section-id=\"' + dataSectionId + '\"]').isotope({ filter: filter});\n        $container.imagesLoaded(function () {\n          $container.isotope('layout');\n        });\n      });\n      var $container = jQuery('div[data-section-id=\"69e346f984e76\"]');\n      $container.imagesLoaded(function () {\n        $container.isotope({\n          itemSelector: '.portfolio-item',\n          layoutMode: 'fitRows' \/\/ grid layout\n        }).isotope('layout');\n      });\n    });\n\n    $(document).ready(function () {\n            $('.portfolio-item.hover-dir > div.entry-thumbnail').hoverdir();\n            \n      PortfolioAjaxAction.init('https:\/\/www.sglconstrucoes.pt\/inicio\/wp-admin\/admin-ajax.php', '69e346f984e76');\n    })\n\n  })(jQuery);\n<\/script>[\/vc_column][vc_column width=&#8221;1\/3&#8243; css=&#8221;.vc_custom_1642074831631{padding-top: 50px !important;padding-right: 40px !important;padding-bottom: 70px !important;padding-left: 40px !important;}&#8221;][vc_column_text css=&#8221;.vc_custom_1642073854660{padding-bottom: 50px !important;}&#8221;]<\/p>\n<h4 class=\"vc_custom_heading vc_custom_1482401887958\"><span style=\"color: #ffffff;\"><strong>HOR\u00c1RIO<\/strong><\/span><\/h4>\n<p>[\/vc_column_text][vc_column_text css=&#8221;.vc_custom_1646667531188{padding-bottom: 50px !important;}&#8221;]<span style=\"color: #ffffff;\">Segunda \u2013 Sexta: &#8230;&#8230;&#8230;&#8230;&#8230;&#8230;&#8230;&#8230;&#8230;&#8230;&#8230;&#8230;&#8230; 09:00 \u2013 18:30<\/span><\/p>\n<p><span style=\"color: #ffffff;\">S\u00e1bado e Domingo: &#8230;&#8230;&#8230;&#8230;&#8230;&#8230;&#8230;&#8230;&#8230;&#8230;&#8230;&#8230;&#8230;&#8230;&#8230; Fechado<\/span>[\/vc_column_text][\/vc_column][\/vc_row]<\/p>\n","protected":false},"excerpt":{"rendered":"<p>[vc_row layout=&#8221;wide&#8221;][vc_column css=&#8221;.vc_custom_1482909330669{padding-right: 0px !important;padding-left: 0px !important;}&#8221;][vc_raw_html]JTNDaWZyYW1lJTIwc3JjJTNEJTIyaHR0cHMlM0ElMkYlMkZ3d3cuZ29vZ2xlLmNvbSUyRm1hcHMlMkZlbWJlZCUzRnBiJTNEJTIxMW0xOCUyMTFtMTIlMjExbTMlMjExZDMwMTIuMjAyMDc4OTkyNyUyMTJkLTcuNjE1NDI2Mzg0MjUxNTA5JTIxM2Q0MC45NzcwNTU2NzkzMDM4OCUyMTJtMyUyMTFmMCUyMTJmMCUyMTNmMCUyMTNtMiUyMTFpMTAyNCUyMTJpNzY4JTIxNGYxMy4xJTIxM20zJTIxMW0yJTIxMXMweGQzY2E5Y2I5MWRlNzliMSUyNTNBMHg3MTM5Y2U2MTUyMGM4YzVmJTIxMnNTLkcuTC5Tb2NpZWRhZGUlMjUyMGRlJTI1MjBHJTI1QzMlMjVBMXMlMjUyMExkJTI1QzIlMjVBQSUyMTVlMCUyMTNtMiUyMTFzcHQtUFQlMjEyc3B0JTIxNHYxNjQyMDMxMDM2NzQ5JTIxNW0yJTIxMXNwdC1QVCUyMTJzcHQlMjIlMjB3aWR0aCUzRCUyMjEwMCUyNSUyMiUyMGhlaWdodCUzRCUyMjYwMCUyMiUyMHN0eWxlJTNEJTIyYm9yZGVyJTNBMCUzQiUyMiUyMGFsbG93ZnVsbHNjcmVlbiUzRCUyMiUyMiUyMGxvYWRpbmclM0QlMjJsYXp5JTIyJTNFJTNDJTJGaWZyYW1lJTNF[\/vc_raw_html][\/vc_column][\/vc_row][vc_row css=&#8221;.vc_custom_1482910277539{margin-top: 5% !important;margin-bottom: 3% !important;}&#8221;][vc_column][vc_custom_heading text=&#8221;CONTACTOS&#8221; font_container=&#8221;tag:h2|font_size:32|text_align:center&#8221; use_theme_fonts=&#8221;yes&#8221; font_weight=&#8221;&#8221; css=&#8221;.vc_custom_1641860598312{margin-top: 0px !important;}&#8221;][\/vc_column][\/vc_row][vc_row css=&#8221;.vc_custom_1482910660145{margin-bottom: 3% !important;}&#8221;][vc_column offset=&#8221;vc_hidden-xs&#8221;][vc_custom_heading text=&#8221;HOR\u00c1RIO DE FUNCIONAMENTO&#8221; font_container=&#8221;tag:h3|font_size:18|text_align:center&#8221; use_theme_fonts=&#8221;yes&#8221; font_weight=&#8221;&#8221; css=&#8221;.vc_custom_1641860694438{margin-top: 0px !important;}&#8221;][vc_column_text css=&#8221;.vc_custom_1646667507704{margin-top: 30px !important;}&#8221;] Segunda &#8211; Sexta:&#8230;&#8230;&#8230;&#8230;&#8230;&#8230;&#8230;&#8230;&#8230;..09:00 &#8211; 18:30 S\u00e1bado e Domingo:&#8230;&#8230;&#8230;&#8230;&#8230;&#8230;&#8230;&#8230;&#8230;&#8230;&#8230;&#8230;&#8230;.Fechado [\/vc_column_text][\/vc_column][\/vc_row][vc_row][vc_column width=&#8221;1\/3&#8243;][\/vc_column][vc_column width=&#8221;1\/3&#8243;][\/vc_column][vc_column width=&#8221;1\/3&#8243;][\/vc_column][\/vc_row][vc_row css=&#8221;.vc_custom_1482913116217{margin-top: 5% !important;margin-bottom: 5% !important;}&#8221;][vc_column offset=&#8221;vc_col-lg-offset-3 vc_col-lg-6&#8243; css=&#8221;.vc_custom_1482918430364{padding-top:&#8230;<\/p>\n","protected":false},"author":1,"featured_media":0,"parent":0,"menu_order":0,"comment_status":"closed","ping_status":"closed","template":"","meta":{"footnotes":""},"class_list":["post-868","page","type-page","status-publish","hentry"],"_links":{"self":[{"href":"https:\/\/www.sglconstrucoes.pt\/inicio\/wp-json\/wp\/v2\/pages\/868","targetHints":{"allow":["GET"]}}],"collection":[{"href":"https:\/\/www.sglconstrucoes.pt\/inicio\/wp-json\/wp\/v2\/pages"}],"about":[{"href":"https:\/\/www.sglconstrucoes.pt\/inicio\/wp-json\/wp\/v2\/types\/page"}],"author":[{"embeddable":true,"href":"https:\/\/www.sglconstrucoes.pt\/inicio\/wp-json\/wp\/v2\/users\/1"}],"replies":[{"embeddable":true,"href":"https:\/\/www.sglconstrucoes.pt\/inicio\/wp-json\/wp\/v2\/comments?post=868"}],"version-history":[{"count":35,"href":"https:\/\/www.sglconstrucoes.pt\/inicio\/wp-json\/wp\/v2\/pages\/868\/revisions"}],"predecessor-version":[{"id":4130,"href":"https:\/\/www.sglconstrucoes.pt\/inicio\/wp-json\/wp\/v2\/pages\/868\/revisions\/4130"}],"wp:attachment":[{"href":"https:\/\/www.sglconstrucoes.pt\/inicio\/wp-json\/wp\/v2\/media?parent=868"}],"curies":[{"name":"wp","href":"https:\/\/api.w.org\/{rel}","templated":true}]}}