{"id":827,"date":"2016-12-27T08:00:46","date_gmt":"2016-12-27T08:00:46","guid":{"rendered":"http:\/\/demo.yolotheme.com\/dummy\/bestruct\/?page_id=827"},"modified":"2025-01-19T03:15:29","modified_gmt":"2025-01-19T03:15:29","slug":"sobre-nos","status":"publish","type":"page","link":"https:\/\/www.sglconstrucoes.pt\/inicio\/sobre-nos\/","title":{"rendered":"Sobre n\u00f3s"},"content":{"rendered":"<p>[vc_row][vc_column][vc_custom_heading text=&#8221;SGL Constru\u00e7\u00f5es&#8221; font_container=&#8221;tag:h2|text_align:center&#8221; use_theme_fonts=&#8221;yes&#8221; font_weight=&#8221;&#8221;][vc_single_image image=&#8221;3828&#8243; img_size=&#8221;full&#8221; alignment=&#8221;center&#8221;][\/vc_column][\/vc_row][vc_row css=&#8221;.vc_custom_1482829524707{margin-top: 5% !important;margin-bottom: 5% !important;}&#8221;][vc_column width=&#8221;1\/2&#8243;][vc_row_inner css=&#8221;.vc_custom_1483666248238{margin-bottom: 30px !important;}&#8221;][vc_column_inner offset=&#8221;vc_col-lg-offset-2 vc_col-lg-8&#8243; css=&#8221;.vc_custom_1642007203143{border-top-width: 3px !important;border-right-width: 3px !important;border-bottom-width: 3px !important;border-left-width: 3px !important;padding-top: 50px !important;padding-right: 30px !important;padding-bottom: 50px !important;padding-left: 30px !important;border-left-color: #149ca0 !important;border-left-style: solid !important;border-right-color: #149ca0 !important;border-right-style: solid !important;border-top-color: #149ca0 !important;border-top-style: solid !important;border-bottom-color: #149ca0 !important;border-bottom-style: solid !important;}&#8221;][vc_custom_heading text=&#8221;QUEM SOMOS&#8221; font_container=&#8221;tag:h2|font_size:24|text_align:left&#8221; use_theme_fonts=&#8221;yes&#8221; font_weight=&#8221;&#8221;][vc_column_text css=&#8221;.vc_custom_1646670390629{margin-top: 20px !important;}&#8221;]&#8221;Somos uma empresa de refer\u00eancia na distribui\u00e7\u00e3o e instala\u00e7\u00f5es de g\u00e1s, que conta com mais de 30 anos de experi\u00eancia.\u00a0 Destacamo-nos pelo servi\u00e7o de qualidade e apostamos na forma\u00e7\u00e3o cont\u00ednua dos nossos colaboradores, o que nos torna capazes de implementar no mercado as melhores solu\u00e7\u00f5es.&#8221;[\/vc_column_text][vc_custom_heading text=&#8221;JOS\u00c9 REIS&#8221; font_container=&#8221;tag:h3|font_size:16|text_align:right&#8221; use_theme_fonts=&#8221;yes&#8221; font_weight=&#8221;&#8221; css=&#8221;.vc_custom_1642007219311{margin-right: 25px !important;margin-bottom: 5px !important;}&#8221;][vc_custom_heading text=&#8221;Fundador&#8221; font_container=&#8221;tag:h4|font_size:13|text_align:right|color:%236d6d6d&#8221; use_theme_fonts=&#8221;yes&#8221; font_weight=&#8221;&#8221; css=&#8221;.vc_custom_1736767909370{margin-top: 0px !important;margin-right: 20px !important;}&#8221;][vc_single_image image=&#8221;4057&#8243; img_size=&#8221;full&#8221; alignment=&#8221;right&#8221;][\/vc_column_inner][\/vc_row_inner][\/vc_column][vc_column width=&#8221;1\/2&#8243;][vc_custom_heading text=&#8221;INSTALA\u00c7\u00d5ES, REDES E RESERVAT\u00d3RIO DE G\u00c1S&#8221; font_container=&#8221;tag:h5|font_size:18|text_align:left&#8221; use_theme_fonts=&#8221;yes&#8221; font_weight=&#8221;700&#8243; css=&#8221;.vc_custom_1647560733850{margin-top: 0px !important;}&#8221;][vc_column_text css=&#8221;.vc_custom_1736815472061{margin-top: 20px !important;}&#8221;]<\/p>\n<p class=\"font_7\">Somos uma empresa de refer\u00eancia nas instala\u00e7\u00f5es de g\u00e1s.<\/p>\n<p class=\"font_7\">Fornecemos e executamos todo o tipo de instala\u00e7\u00f5es de g\u00e1s (Instala\u00e7\u00f5es Dom\u00e9sticas, Industriais e de g\u00e1s canalizado).<\/p>\n<p class=\"font_7\">Fornecemos e executamos instala\u00e7\u00f5es e Redes de g\u00e1s no seu neg\u00f3cio. (Lares, Centros de Dia, Centros Escolares, Restaurantes, Padarias, Hot\u00e9is e Residenciais.)<\/p>\n<p class=\"v1MsoNormal\">Trabalhamos com todas as empresas de g\u00e1s no mercado.<\/p>\n<p class=\"v1MsoNormal\">Instalamos e requalificamos reservat\u00f3rios de g\u00e1s.<\/p>\n<p>[\/vc_column_text][\/vc_column][\/vc_row][vc_row css=&#8221;.vc_custom_1642030870217{padding-top: 5% !important;padding-bottom: 5% !important;background-image: url(https:\/\/www.sglconstrucoes.pt\/inicio\/wp-content\/uploads\/2022\/01\/Imagem-equipa.jpg?id=3857) !important;background-position: center !important;background-repeat: no-repeat !important;background-size: cover !important;}&#8221;][vc_column][vc_row_inner css=&#8221;.vc_custom_1482889300444{margin-bottom: 5% !important;}&#8221;][vc_column_inner][vc_single_image image=&#8221;3828&#8243; img_size=&#8221;full&#8221; alignment=&#8221;center&#8221;][\/vc_column_inner][\/vc_row_inner][\/vc_column][\/vc_row][vc_row css=&#8221;.vc_custom_1642074765368{background-color: #111111 !important;}&#8221;][vc_column width=&#8221;1\/3&#8243; css=&#8221;.vc_custom_1642074782710{padding-top: 50px !important;padding-right: 40px !important;padding-bottom: 70px !important;padding-left: 40px !important;}&#8221;][vc_column_text css=&#8221;.vc_custom_1642072849119{padding-bottom: 50px !important;}&#8221;]<\/p>\n<h4 class=\"vc_custom_heading vc_custom_1482401887958\"><span style=\"color: #ffffff;\"><strong>SOBRE N\u00d3S<\/strong><\/span><\/h4>\n<p>[\/vc_column_text][vc_column_text]<\/p>\n<p style=\"text-align: justify;\"><span style=\"color: #ffffff;\">Fornecemos e executamos todo o tipo de instala\u00e7\u00f5es e redes de g\u00e1s.<br \/>\nInstalamos Reservat\u00f3rios de G\u00e1s em todo territ\u00f3rio nacional.<\/span><\/p>\n<p>[\/vc_column_text][\/vc_column][vc_column width=&#8221;1\/3&#8243; css=&#8221;.vc_custom_1642074819301{padding-top: 50px !important;padding-right: 40px !important;padding-bottom: 70px !important;padding-left: 40px !important;}&#8221;][vc_column_text css=&#8221;.vc_custom_1642073711617{padding-bottom: 50px !important;}&#8221;]<\/p>\n<h4 class=\"vc_custom_heading vc_custom_1482401887958\"><span style=\"color: #ffffff;\"><strong>PORTF\u00d3LIO<\/strong><\/span><\/h4>\n<p>[\/vc_column_text]<div class=\"portfolio-container\">\n  <div class=\"portfolio overflow-hidden   paging\"  id=\"portfolio-6a0483b704558\">\n      <!-- Portfolio Filter -->\n            <!-- End Portfolio Filter -->\n\n      <!-- Portfolio Wrapper -->\n      <div class=\"portfolio-wrapper bestruct-col-md-2  landscape hover-dir-on\"\n          data-section-id=\"6a0483b704558\"\n          id=\"portfolio-container-6a0483b704558\"\n          data-columns=\"2\">\n          \n          \n<div class=\"lightGallery-js portfolio-item hover-dir  hover-align-center\">\n    <!-- Title top -->\n    \n    <div class=\"entry-thumbnail icon-only effect_1\">\n    <img loading=\"lazy\" decoding=\"async\" width=\"480\" height=\"300\" src=\"https:\/\/www.sglconstrucoes.pt\/inicio\/wp-content\/uploads\/2016\/12\/1-480x300.jpg\" alt=\"Reservat\u00f3rio a\u00e9reos\"\/>\n    <div class=\"entry-thumbnail-hover p-bg-rgba-color\">\n        <div class=\"entry-hover-wrapper\">\n            <div class=\"entry-hover-inner\">\n                                    <a class=\"item\" data-src=\"https:\/\/www.sglconstrucoes.pt\/inicio\/wp-content\/uploads\/2016\/12\/1.jpg\" title=\"702\">                        <i class=\"fa fa-search\"><\/i>                    <\/a>\n                            <\/div>\n        <\/div>\n    <\/div>\n\n<\/div>\n\n    <!-- Title bottom -->\n        \n    <!-- @TODO: process media type -->\n    <div style=\"display: none\">\n    <\/div>\n<\/div>\n          \n          \n<div class=\"lightGallery-js portfolio-item hover-dir  hover-align-center\">\n    <!-- Title top -->\n    \n    <div class=\"entry-thumbnail icon-only effect_1\">\n    <img loading=\"lazy\" decoding=\"async\" width=\"480\" height=\"300\" src=\"https:\/\/www.sglconstrucoes.pt\/inicio\/wp-content\/uploads\/2016\/12\/3-480x300.jpg\" alt=\"Reservat\u00f3rio a\u00e9reos 3\"\/>\n    <div class=\"entry-thumbnail-hover p-bg-rgba-color\">\n        <div class=\"entry-hover-wrapper\">\n            <div class=\"entry-hover-inner\">\n                                    <a class=\"item\" data-src=\"https:\/\/www.sglconstrucoes.pt\/inicio\/wp-content\/uploads\/2016\/12\/3.jpg\" title=\"698\">                        <i class=\"fa fa-search\"><\/i>                    <\/a>\n                            <\/div>\n        <\/div>\n    <\/div>\n\n<\/div>\n\n    <!-- Title bottom -->\n        \n    <!-- @TODO: process media type -->\n    <div style=\"display: none\">\n    <\/div>\n<\/div>\n                <\/div>\n      <!-- End Portfolio Wrap -->\n\n      <!-- Portfolio Paging -->\n        <\/div>\n<\/div>\n\n<script type=\"text\/javascript\">\n  (function ($) {\n    \"use strict\";\n    $(document).ready(function () {\n      var $tab_container = jQuery('#portfolio-6a0483b704558');\n      $('.portfolio-tabs .isotope-portfolio', $tab_container).off();\n      $('.portfolio-tabs .isotope-portfolio', $tab_container).click(function () {\n        $('.portfolio-tabs .isotope-portfolio', $tab_container).removeClass('active');\n        $('.portfolio-tabs li', $tab_container).removeClass('active');\n        $(this).addClass('active');\n        $(this).parent().addClass('active');\n        var dataSectionId = $(this).attr('data-section-id');\n        var filter        = $(this).attr('data-filter');\n        var $container    = jQuery('div[data-section-id=\"' + dataSectionId + '\"]').isotope({ filter: filter});\n        $container.imagesLoaded(function () {\n          $container.isotope('layout');\n        });\n      });\n      var $container = jQuery('div[data-section-id=\"6a0483b704558\"]');\n      $container.imagesLoaded(function () {\n        $container.isotope({\n          itemSelector: '.portfolio-item',\n          layoutMode: 'fitRows' \/\/ grid layout\n        }).isotope('layout');\n      });\n    });\n\n    $(document).ready(function () {\n            $('.portfolio-item.hover-dir > div.entry-thumbnail').hoverdir();\n            \n      PortfolioAjaxAction.init('https:\/\/www.sglconstrucoes.pt\/inicio\/wp-admin\/admin-ajax.php', '6a0483b704558');\n    })\n\n  })(jQuery);\n<\/script>[\/vc_column][vc_column width=&#8221;1\/3&#8243; css=&#8221;.vc_custom_1642074831631{padding-top: 50px !important;padding-right: 40px !important;padding-bottom: 70px !important;padding-left: 40px !important;}&#8221;][vc_column_text css=&#8221;.vc_custom_1642073854660{padding-bottom: 50px !important;}&#8221;]<\/p>\n<h4 class=\"vc_custom_heading vc_custom_1482401887958\"><span style=\"color: #ffffff;\"><strong>HOR\u00c1RIO<\/strong><\/span><\/h4>\n<p>[\/vc_column_text][vc_column_text css=&#8221;.vc_custom_1646667852895{padding-bottom: 50px !important;}&#8221;]<span style=\"color: #ffffff;\">Segunda \u2013 Sexta: &#8230;&#8230;&#8230;&#8230;&#8230;&#8230;&#8230;&#8230;&#8230;&#8230;&#8230;&#8230;&#8230; 09:00 \u2013 18:30<\/span><\/p>\n<p><span style=\"color: #ffffff;\">S\u00e1bado e Domingo: &#8230;&#8230;&#8230;&#8230;&#8230;&#8230;&#8230;&#8230;&#8230;&#8230;&#8230;&#8230;&#8230;&#8230;&#8230; Fechado<\/span>[\/vc_column_text][\/vc_column][\/vc_row]<\/p>\n","protected":false},"excerpt":{"rendered":"<p>[vc_row][vc_column][vc_custom_heading text=&#8221;SGL Constru\u00e7\u00f5es&#8221; font_container=&#8221;tag:h2|text_align:center&#8221; use_theme_fonts=&#8221;yes&#8221; font_weight=&#8221;&#8221;][vc_single_image image=&#8221;3828&#8243; img_size=&#8221;full&#8221; alignment=&#8221;center&#8221;][\/vc_column][\/vc_row][vc_row css=&#8221;.vc_custom_1482829524707{margin-top: 5% !important;margin-bottom: 5% !important;}&#8221;][vc_column width=&#8221;1\/2&#8243;][vc_row_inner css=&#8221;.vc_custom_1483666248238{margin-bottom: 30px !important;}&#8221;][vc_column_inner offset=&#8221;vc_col-lg-offset-2 vc_col-lg-8&#8243; css=&#8221;.vc_custom_1642007203143{border-top-width: 3px !important;border-right-width: 3px !important;border-bottom-width: 3px !important;border-left-width: 3px !important;padding-top: 50px !important;padding-right: 30px !important;padding-bottom: 50px !important;padding-left: 30px !important;border-left-color: #149ca0 !important;border-left-style: solid !important;border-right-color: #149ca0 !important;border-right-style: solid !important;border-top-color: #149ca0 !important;border-top-style: solid !important;border-bottom-color: #149ca0 !important;border-bottom-style: solid !important;}&#8221;][vc_custom_heading text=&#8221;QUEM SOMOS&#8221;&#8230;<\/p>\n","protected":false},"author":1,"featured_media":0,"parent":0,"menu_order":0,"comment_status":"closed","ping_status":"closed","template":"","meta":{"footnotes":""},"class_list":["post-827","page","type-page","status-publish","hentry"],"_links":{"self":[{"href":"https:\/\/www.sglconstrucoes.pt\/inicio\/wp-json\/wp\/v2\/pages\/827","targetHints":{"allow":["GET"]}}],"collection":[{"href":"https:\/\/www.sglconstrucoes.pt\/inicio\/wp-json\/wp\/v2\/pages"}],"about":[{"href":"https:\/\/www.sglconstrucoes.pt\/inicio\/wp-json\/wp\/v2\/types\/page"}],"author":[{"embeddable":true,"href":"https:\/\/www.sglconstrucoes.pt\/inicio\/wp-json\/wp\/v2\/users\/1"}],"replies":[{"embeddable":true,"href":"https:\/\/www.sglconstrucoes.pt\/inicio\/wp-json\/wp\/v2\/comments?post=827"}],"version-history":[{"count":39,"href":"https:\/\/www.sglconstrucoes.pt\/inicio\/wp-json\/wp\/v2\/pages\/827\/revisions"}],"predecessor-version":[{"id":4134,"href":"https:\/\/www.sglconstrucoes.pt\/inicio\/wp-json\/wp\/v2\/pages\/827\/revisions\/4134"}],"wp:attachment":[{"href":"https:\/\/www.sglconstrucoes.pt\/inicio\/wp-json\/wp\/v2\/media?parent=827"}],"curies":[{"name":"wp","href":"https:\/\/api.w.org\/{rel}","templated":true}]}}