{"id":378,"date":"2016-12-14T07:06:41","date_gmt":"2016-12-14T07:06:41","guid":{"rendered":"http:\/\/demo.yolotheme.com\/dummy\/bestruct\/?page_id=378"},"modified":"2025-01-19T03:26:33","modified_gmt":"2025-01-19T03:26:33","slug":"home-business-1","status":"publish","type":"page","link":"https:\/\/www.sglconstrucoes.pt\/inicio\/","title":{"rendered":"Home"},"content":{"rendered":"<p>[vc_row][vc_column][rev_slider_vc alias=&#8221;home-business-2&#8243;][\/vc_column][\/vc_row][vc_row css=&#8221;.vc_custom_1481707900193{margin-bottom: 5% !important;}&#8221;][vc_column css=&#8221;.vc_custom_1483512620063{margin-top: -95px !important;padding-right: 0px !important;padding-left: 0px !important;}&#8221; el_class=&#8221;remove_margin&#8221;][vc_row_inner][vc_column_inner width=&#8221;1\/2&#8243; offset=&#8221;vc_col-lg-3 vc_col-md-3&#8243;]                        <div class=\" \" >\n                \n<div class=\"style_3 icon-box-shortcode-wrap\">\n    <div class=\"icon-box-container\">\n                        <div class=\"icon-wrap\">\n                <img decoding=\"async\" src=\"https:\/\/www.sglconstrucoes.pt\/inicio\/wp-content\/uploads\/2016\/12\/home-icon.png\"  class=\"img-responsive\" alt=\"Instala\u00e7\u00f5es de G\u00e1s\" \/>\n            <\/div>  \n                    <div class=\"icon-content\">\n            <h4 class=\"icon-title\">\n                                Instala\u00e7\u00f5es de G\u00e1s                            <\/h4>\n            <p class=\"icon-description\">Instala\u00e7\u00f5es Dom\u00e9sticas, Industriais e de g\u00e1s canalizado.<\/p>\n        <\/div>\n    <\/div>\n<\/div>            <\/div>\n                    [\/vc_column_inner][vc_column_inner width=&#8221;1\/2&#8243; offset=&#8221;vc_col-lg-3 vc_col-md-3&#8243;]                        <div class=\" \" >\n                \n<div class=\"style_3 icon-box-shortcode-wrap\">\n    <div class=\"icon-box-container\">\n                        <div class=\"icon-wrap\">\n                <img decoding=\"async\" src=\"https:\/\/www.sglconstrucoes.pt\/inicio\/wp-content\/uploads\/2016\/12\/pen-icon.png\"  class=\"img-responsive\" alt=\"Redes de g\u00e1s\" \/>\n            <\/div>  \n                    <div class=\"icon-content\">\n            <h4 class=\"icon-title\">\n                                Redes de g\u00e1s                            <\/h4>\n            <p class=\"icon-description\">Instalamos redes de g\u00e1s no seu neg\u00f3cio.<\/p>\n        <\/div>\n    <\/div>\n<\/div>            <\/div>\n                    [\/vc_column_inner][vc_column_inner width=&#8221;1\/2&#8243; offset=&#8221;vc_col-lg-3 vc_col-md-3&#8243;]                        <div class=\" \" >\n                \n<div class=\"style_3 icon-box-shortcode-wrap\">\n    <div class=\"icon-box-container\">\n                        <div class=\"icon-wrap\">\n                <img decoding=\"async\" src=\"https:\/\/www.sglconstrucoes.pt\/inicio\/wp-content\/uploads\/2016\/12\/phone-icon.png\"  class=\"img-responsive\" alt=\"Interven\u00e7\u00e3o\" \/>\n            <\/div>  \n                    <div class=\"icon-content\">\n            <h4 class=\"icon-title\">\n                                Interven\u00e7\u00e3o                            <\/h4>\n            <p class=\"icon-description\">Agora \u00e9 mais f\u00e1cil marcar as suas interven\u00e7\u00f5es.<\/p>\n        <\/div>\n    <\/div>\n<\/div>            <\/div>\n                    [\/vc_column_inner][vc_column_inner width=&#8221;1\/2&#8243; offset=&#8221;vc_col-lg-3 vc_col-md-3&#8243;]                        <div class=\" \" >\n                \n<div class=\"style_3 icon-box-shortcode-wrap\">\n    <div class=\"icon-box-container\">\n                        <div class=\"icon-wrap\">\n                <img decoding=\"async\" src=\"https:\/\/www.sglconstrucoes.pt\/inicio\/wp-content\/uploads\/2016\/12\/icon-x1.png\"  class=\"img-responsive\" alt=\"Manuten\u00e7\u00e3o\" \/>\n            <\/div>  \n                    <div class=\"icon-content\">\n            <h4 class=\"icon-title\">\n                                Manuten\u00e7\u00e3o                            <\/h4>\n            <p class=\"icon-description\">Os melhores t\u00e9cnicos para a realiza\u00e7\u00e3o destes servi\u00e7os.<\/p>\n        <\/div>\n    <\/div>\n<\/div>            <\/div>\n                    [\/vc_column_inner][\/vc_row_inner][\/vc_column][\/vc_row][vc_row][vc_column][vc_custom_heading text=&#8221;QUEM <strong>SOMOS<\/strong>&#8221; font_container=&#8221;tag:h2|text_align:center&#8221; use_theme_fonts=&#8221;yes&#8221; font_weight=&#8221;&#8221; letter_spacing=&#8221;2px&#8221; css=&#8221;.vc_custom_1641859401242{margin-top: 0px !important;margin-bottom: 0px !important;}&#8221;][\/vc_column][\/vc_row][vc_row css=&#8221;.vc_custom_1481710111354{margin-top: 3% !important;margin-bottom: 5% !important;}&#8221;][vc_column css=&#8221;.vc_custom_1481708932680{padding-right: 0px !important;padding-left: 0px !important;}&#8221;][vc_row_inner][vc_column_inner width=&#8221;1\/2&#8243; css=&#8221;.vc_custom_1737257191898{padding-right: 50px !important;}&#8221;][vc_custom_heading text=&#8221;<strong>A nossa hist\u00f3ria come\u00e7a em 1983<\/strong>&#8221; font_container=&#8221;tag:h4|font_size:22|text_align:left&#8221; use_theme_fonts=&#8221;yes&#8221; font_weight=&#8221;&#8221; css=&#8221;.vc_custom_1736768228810{margin-bottom: 20px !important;}&#8221;][vc_column_text css=&#8221;.vc_custom_1646355092253{margin-bottom: 25px !important;}&#8221;]<span style=\"font-style: italic;\">Uma empresa de refer\u00eancia na<\/span><span style=\"color: #149ca0; font-style: italic;\"> instala\u00e7\u00f5es de g\u00e1s<\/span>.[\/vc_column_text][vc_column_text css=&#8221;.vc_custom_1736768329144{margin-bottom: 35px !important;}&#8221;]<\/p>\n<p style=\"text-align: justify;\">Ap\u00f3s v\u00e1rios anos a distribuir e ajudar nos primeiros passos da utiliza\u00e7\u00e3o de g\u00e1s nas nossas casas em Portugal, em 1997 surge no nosso grupo a SGL constru\u00e7\u00f5es para garantir uma resposta ao aumento da necessidade de profissionais na instala\u00e7\u00f5es de g\u00e1s, vocacionando-se para a manuten\u00e7\u00e3o, requalifica\u00e7\u00e3o de redes e reservat\u00f3rios de g\u00e1s.<\/p>\n<p>[\/vc_column_text][vc_btn title=&#8221;<strong>SAIBA MAIS<\/strong>&#8221; style=&#8221;custom&#8221; custom_background=&#8221;#149ca0&#8243; custom_text=&#8221;#ffffff&#8221; shape=&#8221;square&#8221; align=&#8221;left&#8221; link=&#8221;url:https%3A%2F%2Fwww.sglconstrucoes.pt%2Finicio%2Fsobre-nos%2F&#8221;][\/vc_column_inner][vc_column_inner width=&#8221;1\/2&#8243;][vc_single_image image=&#8221;4060&#8243; img_size=&#8221;full&#8221;][\/vc_column_inner][\/vc_row_inner][\/vc_column][\/vc_row][vc_row css=&#8221;.vc_custom_1481790623466{margin-top: 5% !important;margin-bottom: 5% !important;}&#8221;][vc_column][vc_row_inner equal_height=&#8221;yes&#8221;][vc_column_inner width=&#8221;5\/12&#8243; css=&#8221;.vc_custom_1737257161639{padding-right: 50px !important;}&#8221;][vc_custom_heading text=&#8221;O PORQU\u00ca <strong>DE NOS ESCOLHER<\/strong>&#8221; use_theme_fonts=&#8221;yes&#8221; font_weight=&#8221;&#8221; letter_spacing=&#8221;2px&#8221; css=&#8221;.vc_custom_1641859429260{margin-top: 0px !important;margin-bottom: 0px !important;}&#8221;][vc_custom_heading text=&#8221;Mais de 30 anos de experi\u00eancia&#8221; font_container=&#8221;tag:h3|font_size:20|text_align:left&#8221; use_theme_fonts=&#8221;yes&#8221; font_weight=&#8221;&#8221; css=&#8221;.vc_custom_1646355275008{margin-top: 40px !important;margin-bottom: 20px !important;}&#8221;][vc_column_text css=&#8221;.vc_custom_1736768413547{margin-bottom: 30px !important;}&#8221;]<\/p>\n<p style=\"text-align: justify;\">Detentora da certifica\u00e7\u00e3o ISO 9001:2015, constantemente aposta no servi\u00e7o de excel\u00eancia ao consumidor.<\/p>\n<p style=\"text-align: justify;\">Destacamo-nos pelo servi\u00e7o de qualidade na \u00e1rea t\u00e9cnica. A forma\u00e7\u00e3o cont\u00ednua dos nossos colaboradores, torna a empresa capaz de implementar no mercado as melhores solu\u00e7\u00f5es para a \u00e1rea do g\u00e1s.<\/p>\n<p>[\/vc_column_text][vc_btn title=&#8221;<strong>CONTACTE-NOS<\/strong>&#8221; style=&#8221;custom&#8221; custom_background=&#8221;#149ca0&#8243; custom_text=&#8221;#ffffff&#8221; shape=&#8221;square&#8221; align=&#8221;left&#8221; link=&#8221;url:https%3A%2F%2Fwww.sglconstrucoes.pt%2Finicio%2Fcontactos%2F&#8221;][\/vc_column_inner][vc_column_inner width=&#8221;7\/12&#8243; css=&#8221;.vc_custom_1483947183875{padding-top: 12% !important;background-image: url(http:\/\/demo.yolotheme.com\/dummy\/bestruct\/wp-content\/uploads\/2016\/12\/purchar.jpg?id=441) !important;background-position: center !important;background-repeat: no-repeat !important;background-size: cover !important;}&#8221;][vc_custom_heading text=&#8221;INTERVEN\u00c7\u00c3O&#8221; font_container=&#8221;tag:h2|font_size:26|text_align:center|color:%23ffffff&#8221; use_theme_fonts=&#8221;yes&#8221; font_weight=&#8221;900&#8243; css=&#8221;.vc_custom_1642076810817{margin-top: 30px !important;}&#8221;][vc_single_image image=&#8221;3828&#8243; img_size=&#8221;full&#8221; alignment=&#8221;center&#8221; css=&#8221;.vc_custom_1642013831373{margin-bottom: 10px !important;}&#8221;][vc_custom_heading text=&#8221;Instala\u00e7\u00f5es, repara\u00e7\u00f5es ou manuten\u00e7\u00f5es, fale connoco.&#8221; font_container=&#8221;tag:p|text_align:center|color:%23ffffff&#8221; use_theme_fonts=&#8221;yes&#8221; font_weight=&#8221;&#8221;][vc_btn title=&#8221;<strong>PEDIDO DE INTERVEN\u00c7\u00c3O<\/strong>&#8221; style=&#8221;outline-custom&#8221; outline_custom_color=&#8221;#ffffff&#8221; outline_custom_hover_background=&#8221;#149ca0&#8243; outline_custom_hover_text=&#8221;#ffffff&#8221; shape=&#8221;square&#8221; align=&#8221;center&#8221; link=&#8221;url:https%3A%2F%2Fwww.sglconstrucoes.pt%2Finicio%2Fintervencao%2F&#8221;][\/vc_column_inner][\/vc_row_inner][\/vc_column][\/vc_row][vc_row css=&#8221;.vc_custom_1642074765368{background-color: #111111 !important;}&#8221;][vc_column width=&#8221;1\/3&#8243; css=&#8221;.vc_custom_1642074782710{padding-top: 50px !important;padding-right: 40px !important;padding-bottom: 70px !important;padding-left: 40px !important;}&#8221;][vc_column_text css=&#8221;.vc_custom_1642072849119{padding-bottom: 50px !important;}&#8221;]<\/p>\n<h4 class=\"vc_custom_heading vc_custom_1482401887958\"><span style=\"color: #ffffff;\"><strong>SOBRE N\u00d3S<\/strong><\/span><\/h4>\n<p>[\/vc_column_text][vc_column_text]<\/p>\n<p style=\"text-align: justify;\"><span style=\"color: #ffffff;\">Fornecemos e executamos todo o tipo de instala\u00e7\u00f5es e redes de g\u00e1s.<br \/>\nInstalamos Reservat\u00f3rios de G\u00e1s em todo territ\u00f3rio nacional.<\/span><\/p>\n<p>[\/vc_column_text][\/vc_column][vc_column width=&#8221;1\/3&#8243; css=&#8221;.vc_custom_1642074819301{padding-top: 50px !important;padding-right: 40px !important;padding-bottom: 70px !important;padding-left: 40px !important;}&#8221;][vc_column_text css=&#8221;.vc_custom_1642073711617{padding-bottom: 50px !important;}&#8221;]<\/p>\n<h4 class=\"vc_custom_heading vc_custom_1482401887958\"><span style=\"color: #ffffff;\"><strong>PORTF\u00d3LIO<\/strong><\/span><\/h4>\n<p>[\/vc_column_text]<div class=\"portfolio-container\">\n  <div class=\"portfolio overflow-hidden   paging\"  id=\"portfolio-6a0470cb5f10d\">\n      <!-- Portfolio Filter -->\n            <!-- End Portfolio Filter -->\n\n      <!-- Portfolio Wrapper -->\n      <div class=\"portfolio-wrapper bestruct-col-md-2  landscape hover-dir-on\"\n          data-section-id=\"6a0470cb5f10d\"\n          id=\"portfolio-container-6a0470cb5f10d\"\n          data-columns=\"2\">\n          \n          \n<div class=\"lightGallery-js portfolio-item hover-dir  hover-align-center\">\n    <!-- Title top -->\n    \n    <div class=\"entry-thumbnail icon-only effect_1\">\n    <img loading=\"lazy\" decoding=\"async\" width=\"480\" height=\"300\" src=\"https:\/\/www.sglconstrucoes.pt\/inicio\/wp-content\/uploads\/2016\/12\/1-480x300.jpg\" alt=\"Reservat\u00f3rio a\u00e9reos\"\/>\n    <div class=\"entry-thumbnail-hover p-bg-rgba-color\">\n        <div class=\"entry-hover-wrapper\">\n            <div class=\"entry-hover-inner\">\n                                    <a class=\"item\" data-src=\"https:\/\/www.sglconstrucoes.pt\/inicio\/wp-content\/uploads\/2016\/12\/1.jpg\" title=\"702\">                        <i class=\"fa fa-search\"><\/i>                    <\/a>\n                            <\/div>\n        <\/div>\n    <\/div>\n\n<\/div>\n\n    <!-- Title bottom -->\n        \n    <!-- @TODO: process media type -->\n    <div style=\"display: none\">\n    <\/div>\n<\/div>\n          \n          \n<div class=\"lightGallery-js portfolio-item hover-dir  hover-align-center\">\n    <!-- Title top -->\n    \n    <div class=\"entry-thumbnail icon-only effect_1\">\n    <img loading=\"lazy\" decoding=\"async\" width=\"480\" height=\"300\" src=\"https:\/\/www.sglconstrucoes.pt\/inicio\/wp-content\/uploads\/2016\/12\/3-480x300.jpg\" alt=\"Reservat\u00f3rio a\u00e9reos 3\"\/>\n    <div class=\"entry-thumbnail-hover p-bg-rgba-color\">\n        <div class=\"entry-hover-wrapper\">\n            <div class=\"entry-hover-inner\">\n                                    <a class=\"item\" data-src=\"https:\/\/www.sglconstrucoes.pt\/inicio\/wp-content\/uploads\/2016\/12\/3.jpg\" title=\"698\">                        <i class=\"fa fa-search\"><\/i>                    <\/a>\n                            <\/div>\n        <\/div>\n    <\/div>\n\n<\/div>\n\n    <!-- Title bottom -->\n        \n    <!-- @TODO: process media type -->\n    <div style=\"display: none\">\n    <\/div>\n<\/div>\n                <\/div>\n      <!-- End Portfolio Wrap -->\n\n      <!-- Portfolio Paging -->\n        <\/div>\n<\/div>\n\n<script type=\"text\/javascript\">\n  (function ($) {\n    \"use strict\";\n    $(document).ready(function () {\n      var $tab_container = jQuery('#portfolio-6a0470cb5f10d');\n      $('.portfolio-tabs .isotope-portfolio', $tab_container).off();\n      $('.portfolio-tabs .isotope-portfolio', $tab_container).click(function () {\n        $('.portfolio-tabs .isotope-portfolio', $tab_container).removeClass('active');\n        $('.portfolio-tabs li', $tab_container).removeClass('active');\n        $(this).addClass('active');\n        $(this).parent().addClass('active');\n        var dataSectionId = $(this).attr('data-section-id');\n        var filter        = $(this).attr('data-filter');\n        var $container    = jQuery('div[data-section-id=\"' + dataSectionId + '\"]').isotope({ filter: filter});\n        $container.imagesLoaded(function () {\n          $container.isotope('layout');\n        });\n      });\n      var $container = jQuery('div[data-section-id=\"6a0470cb5f10d\"]');\n      $container.imagesLoaded(function () {\n        $container.isotope({\n          itemSelector: '.portfolio-item',\n          layoutMode: 'fitRows' \/\/ grid layout\n        }).isotope('layout');\n      });\n    });\n\n    $(document).ready(function () {\n            $('.portfolio-item.hover-dir > div.entry-thumbnail').hoverdir();\n            \n      PortfolioAjaxAction.init('https:\/\/www.sglconstrucoes.pt\/inicio\/wp-admin\/admin-ajax.php', '6a0470cb5f10d');\n    })\n\n  })(jQuery);\n<\/script>[\/vc_column][vc_column width=&#8221;1\/3&#8243; css=&#8221;.vc_custom_1642074831631{padding-top: 50px !important;padding-right: 40px !important;padding-bottom: 70px !important;padding-left: 40px !important;}&#8221;][vc_column_text css=&#8221;.vc_custom_1642073854660{padding-bottom: 50px !important;}&#8221;]<\/p>\n<h4 class=\"vc_custom_heading vc_custom_1482401887958\"><span style=\"color: #ffffff;\"><strong>HOR\u00c1RIO<\/strong><\/span><\/h4>\n<p>[\/vc_column_text][vc_column_text css=&#8221;.vc_custom_1646667625092{padding-bottom: 50px !important;}&#8221;]<span style=\"color: #ffffff;\">Segunda \u2013 Sexta: &#8230;&#8230;&#8230;&#8230;&#8230;&#8230;&#8230;&#8230;&#8230;&#8230;&#8230;&#8230;&#8230; 09:00 \u2013 18:30<\/span><\/p>\n<p><span style=\"color: #ffffff;\">S\u00e1bado e Domingo: &#8230;&#8230;&#8230;&#8230;&#8230;&#8230;&#8230;&#8230;&#8230;&#8230;&#8230;&#8230;&#8230;&#8230;&#8230; Fechado<\/span>[\/vc_column_text][\/vc_column][\/vc_row]<\/p>\n","protected":false},"excerpt":{"rendered":"<p>[vc_row][vc_column][rev_slider_vc alias=&#8221;home-business-2&#8243;][\/vc_column][\/vc_row][vc_row css=&#8221;.vc_custom_1481707900193{margin-bottom: 5% !important;}&#8221;][vc_column css=&#8221;.vc_custom_1483512620063{margin-top: -95px !important;padding-right: 0px !important;padding-left: 0px !important;}&#8221; el_class=&#8221;remove_margin&#8221;][vc_row_inner][vc_column_inner width=&#8221;1\/2&#8243; offset=&#8221;vc_col-lg-3 vc_col-md-3&#8243;][\/vc_column_inner][vc_column_inner width=&#8221;1\/2&#8243; offset=&#8221;vc_col-lg-3 vc_col-md-3&#8243;][\/vc_column_inner][vc_column_inner width=&#8221;1\/2&#8243; offset=&#8221;vc_col-lg-3 vc_col-md-3&#8243;][\/vc_column_inner][vc_column_inner width=&#8221;1\/2&#8243; offset=&#8221;vc_col-lg-3 vc_col-md-3&#8243;][\/vc_column_inner][\/vc_row_inner][\/vc_column][\/vc_row][vc_row][vc_column][vc_custom_heading text=&#8221;QUEM SOMOS&#8221; font_container=&#8221;tag:h2|text_align:center&#8221; use_theme_fonts=&#8221;yes&#8221; font_weight=&#8221;&#8221; letter_spacing=&#8221;2px&#8221; css=&#8221;.vc_custom_1641859401242{margin-top: 0px !important;margin-bottom: 0px !important;}&#8221;][\/vc_column][\/vc_row][vc_row css=&#8221;.vc_custom_1481710111354{margin-top: 3% !important;margin-bottom: 5% !important;}&#8221;][vc_column css=&#8221;.vc_custom_1481708932680{padding-right: 0px !important;padding-left: 0px !important;}&#8221;][vc_row_inner][vc_column_inner width=&#8221;1\/2&#8243; css=&#8221;.vc_custom_1737257191898{padding-right: 50px !important;}&#8221;][vc_custom_heading text=&#8221;A nossa hist\u00f3ria come\u00e7a em&#8230;<\/p>\n","protected":false},"author":1,"featured_media":0,"parent":0,"menu_order":0,"comment_status":"closed","ping_status":"closed","template":"","meta":{"footnotes":""},"class_list":["post-378","page","type-page","status-publish","hentry"],"_links":{"self":[{"href":"https:\/\/www.sglconstrucoes.pt\/inicio\/wp-json\/wp\/v2\/pages\/378","targetHints":{"allow":["GET"]}}],"collection":[{"href":"https:\/\/www.sglconstrucoes.pt\/inicio\/wp-json\/wp\/v2\/pages"}],"about":[{"href":"https:\/\/www.sglconstrucoes.pt\/inicio\/wp-json\/wp\/v2\/types\/page"}],"author":[{"embeddable":true,"href":"https:\/\/www.sglconstrucoes.pt\/inicio\/wp-json\/wp\/v2\/users\/1"}],"replies":[{"embeddable":true,"href":"https:\/\/www.sglconstrucoes.pt\/inicio\/wp-json\/wp\/v2\/comments?post=378"}],"version-history":[{"count":128,"href":"https:\/\/www.sglconstrucoes.pt\/inicio\/wp-json\/wp\/v2\/pages\/378\/revisions"}],"predecessor-version":[{"id":4140,"href":"https:\/\/www.sglconstrucoes.pt\/inicio\/wp-json\/wp\/v2\/pages\/378\/revisions\/4140"}],"wp:attachment":[{"href":"https:\/\/www.sglconstrucoes.pt\/inicio\/wp-json\/wp\/v2\/media?parent=378"}],"curies":[{"name":"wp","href":"https:\/\/api.w.org\/{rel}","templated":true}]}}